{"id":120,"date":"2015-02-17T16:44:29","date_gmt":"2015-02-17T15:44:29","guid":{"rendered":"https:\/\/www.unterplattnerhof.com\/?page_id=120"},"modified":"2024-09-06T10:07:28","modified_gmt":"2024-09-06T08:07:28","slug":"stampa","status":"publish","type":"page","link":"https:\/\/www.unterplattnerhof.com\/it\/stampa\/","title":{"rendered":"stampa"},"content":{"rendered":"<p><div class=\"fusion-fullwidth fullwidth-box fusion-builder-row-1 nonhundred-percent-fullwidth non-hundred-percent-height-scrolling\" style=\"background-color: rgba(255,255,255,0);background-position: center center;background-repeat: no-repeat;padding-top:0px;padding-right:0px;padding-bottom:0px;padding-left:0px;margin-bottom: 0px;margin-top: 0px;border-width: 0px 0px 0px 0px;border-color:#eae9e9;border-style:solid;\" ><div class=\"fusion-builder-row fusion-row\"><div class=\"fusion-layout-column fusion_builder_column fusion-builder-column-0 fusion_builder_column_1_1 1_1 fusion-one-full fusion-column-first fusion-column-last\" style=\"margin-top:0px;margin-bottom:20px;\"><div class=\"fusion-column-wrapper fusion-flex-column-wrapper-legacy\" style=\"background-position:left top;background-repeat:no-repeat;-webkit-background-size:cover;-moz-background-size:cover;-o-background-size:cover;background-size:cover;padding: 0px 0px 0px 0px;\"><style type=\"text\/css\"><\/style><div class=\"fusion-title title fusion-title-1 fusion-sep-none fusion-title-center fusion-title-text fusion-title-size-one\" style=\"margin-top:0px;margin-right:0px;margin-bottom:31px;margin-left:0px;\"><h1 class=\"title-heading-center\" style=\"margin:0;\">stampa \u2022 Codice della Privacy<\/h1><\/div><div class=\"fusion-clearfix\"><\/div><\/div><\/div><\/div><\/div><div class=\"fusion-fullwidth fullwidth-box fusion-builder-row-2 nonhundred-percent-fullwidth non-hundred-percent-height-scrolling\" style=\"background-color: rgba(255,255,255,0);background-position: center center;background-repeat: no-repeat;padding-top:0px;padding-right:0px;padding-bottom:0px;padding-left:0px;margin-bottom: 0px;margin-top: 0px;border-width: 0px 0px 0px 0px;border-color:#eae9e9;border-style:solid;\" ><div class=\"fusion-builder-row fusion-row\"><div class=\"fusion-layout-column fusion_builder_column fusion-builder-column-1 fusion_builder_column_1_1 1_1 fusion-one-full fusion-column-first fusion-column-last\" style=\"margin-top:0px;margin-bottom:0px;\"><div class=\"fusion-column-wrapper fusion-flex-column-wrapper-legacy\" style=\"background-position:left top;background-repeat:no-repeat;-webkit-background-size:cover;-moz-background-size:cover;-o-background-size:cover;background-size:cover;padding: 0px 0px 0px 0px;\"><div class=\"fusion-text fusion-text-1\"><p>Kerschbaumer Gerhard<br \/>\nUnterplattnerhof<br \/>\nVerdings 4<br \/>\n39043 Chiusa-Verdinges, Valle isarco &#8211; Alto Adige &#8211; Italia<br \/>\nCodice IVA: 03183590219<\/p>\n<p>CIN: IT021022B5EZQY3CR6<\/p>\n<p>Tel.: +39 3206241859<\/p>\n<p>info(at)unterplattnerhof.com<\/p>\n<p>www.unterplattnerhof.com<\/p>\n<p><strong>Il nostro conto bancario:<\/strong><\/p>\n<p>S\u00fcdtiroler Volksbank<br \/>\nFiliale Feldthurns<\/p>\n<p>Titolare del conto:<br \/>\nKerschbaumer Gerhard<br \/>\nUnterplattnerhof<br \/>\nVerdings 4<br \/>\n39043 Klausen<\/p>\n<p>BIC (codice bancario)<br \/>\nBPAAIT2B008<\/p>\n<p>IBAN (coordinate bancarie internazionali)<br \/>\nIT82G0585659120008571504843<\/p>\n<p>Inserisci il tuo causale il vostro nome!<\/p>\n<p>Mwst. Nr . 03183590219<br \/>\nCodice IVA: 03183590219<\/p>\n<p><strong>Codice della Privacy<\/strong><\/p>\n<p>Informativa resa ai sensi del Dlgs del 30.06.2003 &#8220;Codice della Privacy&#8221;<\/p>\n<p>Ai sensi dell&#8217;art. 13 (Informativa), Dlgs 30 giugno 2003 nr. 196, informiamo che la nostra ditta Unterplattnerhof, tratta dati personali di clienti e fornitori e di soggetti che comunicano volontariamente (via telefono, fax o e-mail) i loro dati anagrafici al nostro ufficio commerciale o alla direzione aziendale.<\/p>\n<p>Nell&#8217;ambito delle disposizioni di legge, la nostra ditta garantisce che il trattamento dei dati personali si svolge nel pieno rispetto dei diritti e delle libert\u00e0 fondamentali, nonch\u00e9 della dignit\u00e0 dell&#8217;interessato, con particolare riferimento alla riservatezza, all&#8217;identit\u00e0 personale e al diritto alla protezione dei dati personali.<\/p>\n<p>Finalit\u00e0 del trattamento dei dati personali:<\/p>\n<p>Adempiere agli obblighi di legge, ai regolamenti, alle normative comunitarie, alle norme civili e fiscali<\/p>\n<p>Adempiere agli eventuali obblighi contrattuali nei confronti dell&#8217;interessato<\/p>\n<p>Adempiere ad attivit\u00e0 connesse all&#8217;attivit\u00e0 economica della nostra ditta, quali la compilazione di anagrafiche e statistiche interne, la fatturazione e la tenuta della contabilit\u00e0 clienti-fornitori<\/p>\n<p>Finalit\u00e0 di tipo commerciale, come l&#8217;invio di informazioni commerciali e materiale pubblicitario (tramite posta, fax ed e-mail), attivit\u00e0 di marketing e ricerche di mercato<\/p>\n<p>La tutela dei crediti e la gestione dei debiti<\/p>\n<p>Adempiere all&#8217;obbligo di notifica presso il comune, gli enti pubblici e le autorit\u00e0 pubbliche delle persone alloggiate presso la nostra struttura.<\/p>\n<p>In riferimento alle finalit\u00e0 di cui sopra, i Suoi dati personali saranno comunicati, se necessario:<\/p>\n<p>Alle Pubbliche Amministrazioni e Autorit\u00e0, ove previsto dalla legge<\/p>\n<p>A istituti di credito con i quali la ns. ditta ha rapporti per la gestione dei crediti\/debiti<\/p>\n<p>A tutte quelle persone fisiche e\/o giuridiche, pubbliche e\/o private (studi di consulenza legale, amministrativa e fiscale, uffici giudiziari, Camere di commercio ecc.), qualora la trasmissione dei dati risulti necessaria o funzionale allo svolgimento della nostra attivit\u00e0, nei modi e per le finalit\u00e0 sopra elencate.<\/p>\n<p>I dati personali trattati dalla nostra ditta non sono soggetti a diffusione a terzi.<\/p>\n<p>Il trattamento potr\u00e0 effettuarsi con o senza l&#8217;ausilio di mezzi elettronici e, comunque, automatizzati e comprender\u00e0 tutte le operazioni previste all&#8217;art. 4 comma 1, lettera a, Dlgs 30 giugno 2003 nr. 196 e necessarie al trattamento in questione (qualunque operazione o complesso di operazioni concernenti la raccolta, la registrazione, l&#8217;organizzazione, la conservazione, l&#8217;elaborazione, la modifica, la selezione, l&#8217;estrazione, il raffronto, l&#8217;utilizzo, l&#8217;interconnessione, il blocco, la comunicazione, la diffusione, la cancellazione e la distruzione dei dati). In ogni caso il trattamento sar\u00e0 effettuato nell&#8217;osservanza di ogni misura precauzionale, che ne garantir\u00e0 la sicurezza e la riservatezza.<\/p>\n<p>Il Codice della Privacy assicura agli interessati l&#8217;esercizio di diritti specifici di cui all&#8217;art. 7. In particolare, la persona interessata ha il diritto di sapere quali dati personali sono in possesso del titolare e di avere accesso a essi in forma intelligibile. L&#8217;interessato pu\u00f2 altres\u00ec chiedere di conoscere l&#8217;origine dei dati, le finalit\u00e0 e le modalit\u00e0 del loro trattamento nonch\u00e9 la logica applicata in caso di trattamento effettuato con l&#8217;ausilio di strumenti elettronici. Pu\u00f2 altres\u00ec richiedere informazioni sugli estremi identificativi del titolare, dei responsabili nominati e dei soggetti e categorie di soggetti ai quali i dati possono essere comunicati o che possono accedere a essi. L&#8217;interessato ha il diritto di aggiornare, rettificare, integrare, cancellare, bloccare o rendere anonimi i propri dati qualora il loro trattamento non avvenga secondo le disposizioni previste dalla legge. Pu\u00f2 inoltre opporsi, in tutto o in parte e per motivi legittimi, al trattamento dei propri dati personali, allorch\u00e9 questi siano utilizzati per finalit\u00e0 commerciali, per l&#8217;invio di materiale pubblicitario, per la vendita diretta, per ricerche di mercato o sondaggi d&#8217;opinione.<\/p>\n<p>I diritti in oggetto possono essere esercitati dall&#8217;interessato o da una persona da esso\/a incaricata, mediante richiesta scritta indirizzata al responsabile nominato Unterplattnerhof Fam. Kerschbaumer per mezzo lettera raccomandata o e-mail all&#8217;indirizzo:<\/p>\n<p>Il titolare del trattamento dei dati in oggetto \u00e8:<br \/>\nUnterplattnerhof Fam. Kerschbaumer<br \/>\nUnterplattner 4, I-39043 Chiusa-Verdinges &#8211; Alto Adige &#8211; Italia<\/p>\n<p>&#8212;&#8212;&#8212;&#8212;&#8212;&#8212;&#8212;&#8212;&#8212;&#8212;&#8212;&#8212;&#8212;&#8212;&#8212;&#8212;&#8212;&#8212;&#8212;&#8212;&#8212;<\/p>\n<p>Informazione obbligatoria ai sensi del Regolamento UE n. 524\/2016 del Parlamento europeo e del Consiglio. Piattaforma per la risoluzione delle controversie online dei consumatori (ODR) della Commissione europea: <a href=\"http:\/\/ec.europa.eu\/consumers\/odr\/\" target=\"_blank\" rel=\"noopener noreferrer\">http:\/\/ec.europa.eu\/consumers\/odr\/<\/a><\/p>\n<p>&#8212;&#8212;&#8212;&#8212;&#8212;&#8212;&#8212;&#8212;&#8212;&#8212;&#8212;&#8212;&#8212;&#8212;&#8212;&#8212;&#8212;&#8212;&#8212;&#8212;&#8212;<\/p>\n<\/div><div class=\"fusion-clearfix\"><\/div><\/div><\/div><\/div><\/div><\/p>\n","protected":false},"excerpt":{"rendered":"","protected":false},"author":1,"featured_media":0,"parent":0,"menu_order":0,"comment_status":"open","ping_status":"open","template":"contact.php","meta":[],"_links":{"self":[{"href":"https:\/\/www.unterplattnerhof.com\/it\/wp-json\/wp\/v2\/pages\/120"}],"collection":[{"href":"https:\/\/www.unterplattnerhof.com\/it\/wp-json\/wp\/v2\/pages"}],"about":[{"href":"https:\/\/www.unterplattnerhof.com\/it\/wp-json\/wp\/v2\/types\/page"}],"author":[{"embeddable":true,"href":"https:\/\/www.unterplattnerhof.com\/it\/wp-json\/wp\/v2\/users\/1"}],"replies":[{"embeddable":true,"href":"https:\/\/www.unterplattnerhof.com\/it\/wp-json\/wp\/v2\/comments?post=120"}],"version-history":[{"count":0,"href":"https:\/\/www.unterplattnerhof.com\/it\/wp-json\/wp\/v2\/pages\/120\/revisions"}],"wp:attachment":[{"href":"https:\/\/www.unterplattnerhof.com\/it\/wp-json\/wp\/v2\/media?parent=120"}],"curies":[{"name":"wp","href":"https:\/\/api.w.org\/{rel}","templated":true}]}}